{"id":1554,"date":"2026-01-22T10:39:39","date_gmt":"2026-01-22T10:39:39","guid":{"rendered":"https:\/\/tonybambino.eu\/?page_id=1554"},"modified":"2026-02-05T14:23:01","modified_gmt":"2026-02-05T14:23:01","slug":"cooperation","status":"publish","type":"page","link":"https:\/\/tonybambino.eu\/de\/cooperation\/","title":{"rendered":"Cooperation new"},"content":{"rendered":"<div data-elementor-type=\"wp-page\" data-elementor-id=\"1554\" class=\"elementor elementor-1554\" data-elementor-post-type=\"page\">\n\t\t\t\t<div class=\"elementor-element elementor-element-7fd30ec e-flex e-con-boxed e-con e-parent\" data-id=\"7fd30ec\" data-element_type=\"container\" data-e-type=\"container\">\n\t\t\t\t\t<div class=\"e-con-inner\">\n\t\t<div class=\"elementor-element elementor-element-10b0c8a e-con-full e-flex e-con e-child\" data-id=\"10b0c8a\" data-element_type=\"container\" data-e-type=\"container\">\n\t\t<div class=\"elementor-element elementor-element-6a32c20 e-con-full e-flex e-con e-child\" data-id=\"6a32c20\" data-element_type=\"container\" data-e-type=\"container\">\n\t\t\t\t<div class=\"elementor-element elementor-element-d7ca14f elementor-widget elementor-widget-heading\" data-id=\"d7ca14f\" data-element_type=\"widget\" data-e-type=\"widget\" data-widget_type=\"heading.default\">\n\t\t\t\t<div class=\"elementor-widget-container\">\n\t\t\t\t\t<h2 class=\"elementor-heading-title elementor-size-default\">Zusammenarbeit mit Tony Bambino\n<\/h2>\t\t\t\t<\/div>\n\t\t\t\t<\/div>\n\t\t\t\t<div class=\"elementor-element elementor-element-f9a59f0 elementor-widget elementor-widget-text-editor\" data-id=\"f9a59f0\" data-element_type=\"widget\" data-e-type=\"widget\" data-widget_type=\"text-editor.default\">\n\t\t\t\t<div class=\"elementor-widget-container\">\n\t\t\t\t\t\t\t\t\t<p data-start=\"749\" data-end=\"834\">We can supply all the products we offer under both our own brand and private label.<\/p><p data-start=\"836\" data-end=\"947\">Our team of technologists can support clients with training, opening ice cream parlors, and onboarding staff.<\/p><p data-start=\"949\" data-end=\"1160\" data-is-last-node=\"\" data-is-only-node=\"\">Our experience includes opening more than 100 ice cream parlors in Europe and around the world.<\/p>\t\t\t\t\t\t\t\t<\/div>\n\t\t\t\t<\/div>\n\t\t\t\t<\/div>\n\t\t\t\t<\/div>\n\t\t<div class=\"elementor-element elementor-element-c1ab279 e-con-full e-flex e-con e-child\" data-id=\"c1ab279\" data-element_type=\"container\" data-e-type=\"container\">\n\t\t\t\t<div class=\"elementor-element elementor-element-e9b785b elementor-widget elementor-widget-image\" data-id=\"e9b785b\" data-element_type=\"widget\" data-e-type=\"widget\" data-widget_type=\"image.default\">\n\t\t\t\t<div class=\"elementor-widget-container\">\n\t\t\t\t\t\t\t\t\t\t\t\t\t\t\t<img fetchpriority=\"high\" decoding=\"async\" width=\"800\" height=\"826\" src=\"https:\/\/tonybambino.eu\/wp-content\/uploads\/2026\/01\/Lody_by_Szymon-17-scaled-1-e1769081776873-992x1024.jpg\" class=\"attachment-large size-large wp-image-1574\" alt=\"\" srcset=\"https:\/\/tonybambino.eu\/wp-content\/uploads\/2026\/01\/Lody_by_Szymon-17-scaled-1-e1769081776873-992x1024.jpg 992w, https:\/\/tonybambino.eu\/wp-content\/uploads\/2026\/01\/Lody_by_Szymon-17-scaled-1-e1769081776873-291x300.jpg 291w, https:\/\/tonybambino.eu\/wp-content\/uploads\/2026\/01\/Lody_by_Szymon-17-scaled-1-e1769081776873-768x793.jpg 768w, https:\/\/tonybambino.eu\/wp-content\/uploads\/2026\/01\/Lody_by_Szymon-17-scaled-1-e1769081776873-1488x1536.jpg 1488w, https:\/\/tonybambino.eu\/wp-content\/uploads\/2026\/01\/Lody_by_Szymon-17-scaled-1-e1769081776873-12x12.jpg 12w, https:\/\/tonybambino.eu\/wp-content\/uploads\/2026\/01\/Lody_by_Szymon-17-scaled-1-e1769081776873.jpg 1984w\" sizes=\"(max-width: 800px) 100vw, 800px\" \/>\t\t\t\t\t\t\t\t\t\t\t\t\t\t\t<\/div>\n\t\t\t\t<\/div>\n\t\t\t\t<\/div>\n\t\t\t\t\t<\/div>\n\t\t\t\t<\/div>\n\t\t<div class=\"elementor-element elementor-element-d039f33 e-flex e-con-boxed e-con e-parent\" data-id=\"d039f33\" data-element_type=\"container\" data-e-type=\"container\" data-settings=\"{&quot;background_background&quot;:&quot;classic&quot;}\">\n\t\t\t\t\t<div class=\"e-con-inner\">\n\t\t<div class=\"elementor-element elementor-element-c08926f e-con-full e-flex e-con e-child\" data-id=\"c08926f\" data-element_type=\"container\" data-e-type=\"container\" data-settings=\"{&quot;background_background&quot;:&quot;classic&quot;}\">\n\t\t\t\t<div class=\"elementor-element elementor-element-35556e7 elementor-widget elementor-widget-image\" data-id=\"35556e7\" data-element_type=\"widget\" data-e-type=\"widget\" data-widget_type=\"image.default\">\n\t\t\t\t<div class=\"elementor-widget-container\">\n\t\t\t\t\t\t\t\t\t\t\t\t\t\t\t<img decoding=\"async\" width=\"800\" height=\"989\" src=\"https:\/\/tonybambino.eu\/wp-content\/uploads\/2023\/07\/fot.-M.-Mielewski-Szymon-Sapieha-Lody-Naturalne-szkolenie-007-scaled-e1768457881239-828x1024.jpg\" class=\"attachment-large size-large wp-image-673\" alt=\"\" srcset=\"https:\/\/tonybambino.eu\/wp-content\/uploads\/2023\/07\/fot.-M.-Mielewski-Szymon-Sapieha-Lody-Naturalne-szkolenie-007-scaled-e1768457881239-828x1024.jpg 828w, https:\/\/tonybambino.eu\/wp-content\/uploads\/2023\/07\/fot.-M.-Mielewski-Szymon-Sapieha-Lody-Naturalne-szkolenie-007-scaled-e1768457881239-243x300.jpg 243w, https:\/\/tonybambino.eu\/wp-content\/uploads\/2023\/07\/fot.-M.-Mielewski-Szymon-Sapieha-Lody-Naturalne-szkolenie-007-scaled-e1768457881239-768x950.jpg 768w, https:\/\/tonybambino.eu\/wp-content\/uploads\/2023\/07\/fot.-M.-Mielewski-Szymon-Sapieha-Lody-Naturalne-szkolenie-007-scaled-e1768457881239-1242x1536.jpg 1242w, https:\/\/tonybambino.eu\/wp-content\/uploads\/2023\/07\/fot.-M.-Mielewski-Szymon-Sapieha-Lody-Naturalne-szkolenie-007-scaled-e1768457881239-1656x2048.jpg 1656w, https:\/\/tonybambino.eu\/wp-content\/uploads\/2023\/07\/fot.-M.-Mielewski-Szymon-Sapieha-Lody-Naturalne-szkolenie-007-scaled-e1768457881239-10x12.jpg 10w\" sizes=\"(max-width: 800px) 100vw, 800px\" \/>\t\t\t\t\t\t\t\t\t\t\t\t\t\t\t<\/div>\n\t\t\t\t<\/div>\n\t\t\t\t<\/div>\n\t\t<div class=\"elementor-element elementor-element-099bb6e e-con-full e-flex e-con e-child\" data-id=\"099bb6e\" data-element_type=\"container\" data-e-type=\"container\">\n\t\t\t\t<div class=\"elementor-element elementor-element-3164bac elementor-widget elementor-widget-heading\" data-id=\"3164bac\" data-element_type=\"widget\" data-e-type=\"widget\" data-widget_type=\"heading.default\">\n\t\t\t\t<div class=\"elementor-widget-container\">\n\t\t\t\t\t<h2 class=\"elementor-heading-title elementor-size-default\">What we offer<\/h2>\t\t\t\t<\/div>\n\t\t\t\t<\/div>\n\t\t\t\t<div class=\"elementor-element elementor-element-5e9b489 elementor-icon-list--layout-traditional elementor-list-item-link-full_width elementor-widget elementor-widget-icon-list\" data-id=\"5e9b489\" data-element_type=\"widget\" data-e-type=\"widget\" data-widget_type=\"icon-list.default\">\n\t\t\t\t<div class=\"elementor-widget-container\">\n\t\t\t\t\t\t\t<ul class=\"elementor-icon-list-items\">\n\t\t\t\t\t\t\t<li class=\"elementor-icon-list-item\">\n\t\t\t\t\t\t\t\t\t\t\t<span class=\"elementor-icon-list-icon\">\n\t\t\t\t\t\t\t<i aria-hidden=\"true\" class=\"fas fa-circle\"><\/i>\t\t\t\t\t\t<\/span>\n\t\t\t\t\t\t\t\t\t\t<span class=\"elementor-icon-list-text\">Ausr\u00fcstung zur Schokoladenherstellung<\/span>\n\t\t\t\t\t\t\t\t\t<\/li>\n\t\t\t\t\t\t\t\t<li class=\"elementor-icon-list-item\">\n\t\t\t\t\t\t\t\t\t\t\t<span class=\"elementor-icon-list-icon\">\n\t\t\t\t\t\t\t<i aria-hidden=\"true\" class=\"fas fa-circle\"><\/i>\t\t\t\t\t\t<\/span>\n\t\t\t\t\t\t\t\t\t\t<span class=\"elementor-icon-list-text\">Ausr\u00fcstung zur Eisproduktion<\/span>\n\t\t\t\t\t\t\t\t\t<\/li>\n\t\t\t\t\t\t\t\t<li class=\"elementor-icon-list-item\">\n\t\t\t\t\t\t\t\t\t\t\t<span class=\"elementor-icon-list-icon\">\n\t\t\t\t\t\t\t<i aria-hidden=\"true\" class=\"fas fa-circle\"><\/i>\t\t\t\t\t\t<\/span>\n\t\t\t\t\t\t\t\t\t\t<span class=\"elementor-icon-list-text\">Ausr\u00fcstung zur Konditoreiproduktion<\/span>\n\t\t\t\t\t\t\t\t\t<\/li>\n\t\t\t\t\t\t\t\t<li class=\"elementor-icon-list-item\">\n\t\t\t\t\t\t\t\t\t\t\t<span class=\"elementor-icon-list-icon\">\n\t\t\t\t\t\t\t<i aria-hidden=\"true\" class=\"fas fa-circle\"><\/i>\t\t\t\t\t\t<\/span>\n\t\t\t\t\t\t\t\t\t\t<span class=\"elementor-icon-list-text\">Lieferung von Produkten f\u00fcr die handwerkliche Eisproduktion<\/span>\n\t\t\t\t\t\t\t\t\t<\/li>\n\t\t\t\t\t\t\t\t<li class=\"elementor-icon-list-item\">\n\t\t\t\t\t\t\t\t\t\t\t<span class=\"elementor-icon-list-icon\">\n\t\t\t\t\t\t\t<i aria-hidden=\"true\" class=\"fas fa-circle\"><\/i>\t\t\t\t\t\t<\/span>\n\t\t\t\t\t\t\t\t\t\t<span class=\"elementor-icon-list-text\">Lieferung von Sportern\u00e4hrungsprodukten renommierter Marken Trec Nutrition, 6pak, Formotiva<\/span>\n\t\t\t\t\t\t\t\t\t<\/li>\n\t\t\t\t\t\t\t\t<li class=\"elementor-icon-list-item\">\n\t\t\t\t\t\t\t\t\t\t\t<span class=\"elementor-icon-list-icon\">\n\t\t\t\t\t\t\t<i aria-hidden=\"true\" class=\"fas fa-circle\"><\/i>\t\t\t\t\t\t<\/span>\n\t\t\t\t\t\t\t\t\t\t<span class=\"elementor-icon-list-text\">Eis, Konditorei- und Sportern\u00e4hrungsprodukte in renommierten Marken und als Eigenmarke<\/span>\n\t\t\t\t\t\t\t\t\t<\/li>\n\t\t\t\t\t\t<\/ul>\n\t\t\t\t\t\t<\/div>\n\t\t\t\t<\/div>\n\t\t\t\t<div class=\"elementor-element elementor-element-99e73f3 elementor-widget elementor-widget-text-editor\" data-id=\"99e73f3\" data-element_type=\"widget\" data-e-type=\"widget\" data-widget_type=\"text-editor.default\">\n\t\t\t\t<div class=\"elementor-widget-container\">\n\t\t\t\t\t\t\t\t\t<p>Ben\u00f6tigen Sie ein spezielles Produkt f\u00fcr Eis oder Konditorei, das nicht Teil unseres Standardsortiments ist? Wir sind offen f\u00fcr neue Herausforderungen. Kontaktieren Sie uns \u2014 wir entwickeln ein Produkt, das auf Ihre Bed\u00fcrfnisse zugeschnitten ist.<\/p>\t\t\t\t\t\t\t\t<\/div>\n\t\t\t\t<\/div>\n\t\t\t\t<div class=\"elementor-element elementor-element-4ba44c5 elementor-widget elementor-widget-button\" data-id=\"4ba44c5\" data-element_type=\"widget\" data-e-type=\"widget\" data-widget_type=\"button.default\">\n\t\t\t\t<div class=\"elementor-widget-container\">\n\t\t\t\t\t\t\t\t\t<div class=\"elementor-button-wrapper\">\n\t\t\t\t\t<a class=\"elementor-button elementor-button-link elementor-size-sm elementor-animation-sink\" href=\"https:\/\/tonybambino.eu\/de\/contact\/\">\n\t\t\t\t\t\t<span class=\"elementor-button-content-wrapper\">\n\t\t\t\t\t\t\t\t\t<span class=\"elementor-button-text\">Lass uns anfangen zu arbeiten!<\/span>\n\t\t\t\t\t<\/span>\n\t\t\t\t\t<\/a>\n\t\t\t\t<\/div>\n\t\t\t\t\t\t\t\t<\/div>\n\t\t\t\t<\/div>\n\t\t\t\t<\/div>\n\t\t\t\t\t<\/div>\n\t\t\t\t<\/div>\n\t\t\t\t<\/div>","protected":false},"excerpt":{"rendered":"<p>Cooperation with Tony&nbsp;Bambino We can supply all the products we offer under both our own brand and private label. Our team of technologists can support clients with training, opening ice cream parlors, and onboarding staff. Our experience includes opening more than 100 ice cream parlors in Europe and around the world. What we offer Equipment [&hellip;]<\/p>","protected":false},"author":4,"featured_media":0,"parent":0,"menu_order":0,"comment_status":"closed","ping_status":"closed","template":"","meta":{"_acf_changed":false,"footnotes":""},"class_list":["post-1554","page","type-page","status-publish","hentry"],"acf":[],"_links":{"self":[{"href":"https:\/\/tonybambino.eu\/de\/wp-json\/wp\/v2\/pages\/1554","targetHints":{"allow":["GET"]}}],"collection":[{"href":"https:\/\/tonybambino.eu\/de\/wp-json\/wp\/v2\/pages"}],"about":[{"href":"https:\/\/tonybambino.eu\/de\/wp-json\/wp\/v2\/types\/page"}],"author":[{"embeddable":true,"href":"https:\/\/tonybambino.eu\/de\/wp-json\/wp\/v2\/users\/4"}],"replies":[{"embeddable":true,"href":"https:\/\/tonybambino.eu\/de\/wp-json\/wp\/v2\/comments?post=1554"}],"version-history":[{"count":0,"href":"https:\/\/tonybambino.eu\/de\/wp-json\/wp\/v2\/pages\/1554\/revisions"}],"wp:attachment":[{"href":"https:\/\/tonybambino.eu\/de\/wp-json\/wp\/v2\/media?parent=1554"}],"curies":[{"name":"wp","href":"https:\/\/api.w.org\/{rel}","templated":true}]}}